{"id":411,"date":"2022-02-26T22:35:46","date_gmt":"2022-02-26T21:35:46","guid":{"rendered":"http:\/\/domes-en-choeur.org\/?page_id=411"},"modified":"2024-02-02T19:47:19","modified_gmt":"2024-02-02T18:47:19","slug":"espace-choristes","status":"publish","type":"page","link":"https:\/\/domes-en-choeur.org\/index.php\/espace-choristes\/","title":{"rendered":"Espace choristes"},"content":{"rendered":"\n<p>Vous pouvez  acc\u00e9der d&rsquo;un clic, \u00e0 partir de cette page, aux diff\u00e9rents liens mis en ligne, fichiers audio, vid\u00e9os, partitions dans la limite des obligations l\u00e9gales, etc.<\/p>\n\n\n\n<div class=\"wp-block-buttons is-layout-flex wp-block-buttons-is-layout-flex\">\n<div class=\"wp-block-button\"><a class=\"wp-block-button__link wp-element-button\" href=\"https:\/\/infographic.alwaysdata.net\/dec\/\">pour s&rsquo;entra\u00eener sur le programme 2022<\/a><\/div>\n<\/div>\n\n\n\n<div style=\"height:100px\" aria-hidden=\"true\" class=\"wp-block-spacer\"><\/div>\n\n\n\n<div class=\"wp-block-buttons is-layout-flex wp-block-buttons-is-layout-flex\">\n<div class=\"wp-block-button\"><a class=\"wp-block-button__link wp-element-button\" href=\"https:\/\/domes-en-choeur.org\/index.php\/2023\/10\/12\/concert-de-juin-photos\/\">images du concert Rossini juin 2023<\/a><\/div>\n<\/div>\n\n\n\n<div style=\"height:100px\" aria-hidden=\"true\" class=\"wp-block-spacer\"><\/div>\n\n\n\n<div class=\"wp-block-buttons is-layout-flex wp-block-buttons-is-layout-flex\">\n<div class=\"wp-block-button\"><a class=\"wp-block-button__link wp-element-button\" href=\"https:\/\/domes-en-choeur.org\/index.php\/2023\/10\/17\/haydn-missa-pro-defuncto-etcetera\/\">fichiers de travail pour le Requiem de Haydn<\/a><\/div>\n<\/div>\n\n\n\n<div style=\"height:100px\" aria-hidden=\"true\" class=\"wp-block-spacer\"><\/div>\n\n\n\n<p>IMPORTANT &#8211; Pour le travail sur Haydn, mais aussi pour pr\u00e9parer le concert du 26 ( qui reprend plusieurs oeuvres accessibles ci-dessus sous l&rsquo;onglet \u00ab\u00a0programme 2022\u00a0\u00bb), nous pouvons utiliser le beau site <a href=\"http:\/\/al.la.musica.free.fr\">al.la.musica<\/a> \u00e9labor\u00e9 par Alain Largeau qui, entre autres, pr\u00e9sente tout le programme actuel de D\u00f4mes en choeur : partitions, fichiers MP3 et MuseScore, vid\u00e9os. Les motets de Br\u00fcckner y sont. Et l&rsquo;interface est tr\u00e8s simple, rapide, et agr\u00e9able&#8230;<\/p>\n","protected":false},"excerpt":{"rendered":"<p>Vous pouvez acc\u00e9der d&rsquo;un clic, \u00e0 partir de cette page, aux diff\u00e9rents liens mis en ligne, fichiers audio, vid\u00e9os, partitions dans la limite des obligations l\u00e9gales, etc. IMPORTANT &#8211; Pour le travail sur Haydn, mais aussi pour pr\u00e9parer le concert du 26 ( qui reprend plusieurs oeuvres accessibles ci-dessus sous l&rsquo;onglet \u00ab\u00a0programme 2022\u00a0\u00bb), nous pouvons [&hellip;]<\/p>\n","protected":false},"author":1,"featured_media":0,"parent":0,"menu_order":0,"comment_status":"closed","ping_status":"closed","template":"","meta":{"footnotes":""},"class_list":["post-411","page","type-page","status-publish","hentry"],"_links":{"self":[{"href":"https:\/\/domes-en-choeur.org\/index.php\/wp-json\/wp\/v2\/pages\/411","targetHints":{"allow":["GET"]}}],"collection":[{"href":"https:\/\/domes-en-choeur.org\/index.php\/wp-json\/wp\/v2\/pages"}],"about":[{"href":"https:\/\/domes-en-choeur.org\/index.php\/wp-json\/wp\/v2\/types\/page"}],"author":[{"embeddable":true,"href":"https:\/\/domes-en-choeur.org\/index.php\/wp-json\/wp\/v2\/users\/1"}],"replies":[{"embeddable":true,"href":"https:\/\/domes-en-choeur.org\/index.php\/wp-json\/wp\/v2\/comments?post=411"}],"version-history":[{"count":32,"href":"https:\/\/domes-en-choeur.org\/index.php\/wp-json\/wp\/v2\/pages\/411\/revisions"}],"predecessor-version":[{"id":885,"href":"https:\/\/domes-en-choeur.org\/index.php\/wp-json\/wp\/v2\/pages\/411\/revisions\/885"}],"wp:attachment":[{"href":"https:\/\/domes-en-choeur.org\/index.php\/wp-json\/wp\/v2\/media?parent=411"}],"curies":[{"name":"wp","href":"https:\/\/api.w.org\/{rel}","templated":true}]}}